{"id":318,"date":"2016-10-31T14:20:44","date_gmt":"2016-10-31T17:20:44","guid":{"rendered":"https:\/\/isfditati-crr.infd.edu.ar\/sitio\/?page_id=318"},"modified":"2023-05-02T21:49:46","modified_gmt":"2023-05-03T00:49:46","slug":"contacto","status":"publish","type":"page","link":"https:\/\/isfditati-crr.infd.edu.ar\/sitio\/institucional\/contacto\/","title":{"rendered":"Datos de contacto"},"content":{"rendered":"\n<p><\/p>\n\n\n\n<figure class=\"wp-block-image size-full\"><img decoding=\"async\" loading=\"lazy\" width=\"1283\" height=\"598\" src=\"https:\/\/isfditati-crr.infd.edu.ar\/sitio\/wp-content\/uploads\/2023\/05\/image.png\" alt=\"\" class=\"wp-image-964\" srcset=\"https:\/\/isfditati-crr.infd.edu.ar\/sitio\/wp-content\/uploads\/2023\/05\/image.png 1283w, https:\/\/isfditati-crr.infd.edu.ar\/sitio\/wp-content\/uploads\/2023\/05\/image-1000x466.png 1000w, https:\/\/isfditati-crr.infd.edu.ar\/sitio\/wp-content\/uploads\/2023\/05\/image-768x358.png 768w\" sizes=\"(max-width: 1283px) 100vw, 1283px\" \/><\/figure>\n\n\n\n<p>Click en enlace para geolocalizaci\u00f3n: <a href=\"https:\/\/www.google.com\/maps\/@-27.2717187,-58.2414112,406m\/data=!3m1!1e3?hl=es-ES\">https:\/\/www.google.com\/maps\/@-27.2717187,-58.2414112,406m\/data=!3m1!1e3?hl=es-ES<\/a><\/p>\n\n\n\n<p><strong>Direcci\u00f3n: Itat\u00ed &#8211; Provincia de Corrientes. Calle Castor de Le\u00f3n S\/N<br>Email: 1801829-00@superior.mec.gob.ar<br>Horarios de atenci\u00f3n: Lunes a Viernes en horario educativo.\u00a0<\/strong><\/p>\n","protected":false},"excerpt":{"rendered":"<p>Click en enlace para geolocalizaci\u00f3n: https:\/\/www.google.com\/maps\/@-27.2717187,-58.2414112,406m\/data=!3m1!1e3?hl=es-ES Direcci\u00f3n: Itat\u00ed &#8211; Provincia de Corrientes. Calle Castor de Le\u00f3n S\/NEmail: 1801829-00@superior.mec.gob.arHorarios de atenci\u00f3n: Lunes a Viernes en horario educativo.\u00a0<\/p>\n","protected":false},"author":1,"featured_media":0,"parent":683,"menu_order":0,"comment_status":"closed","ping_status":"closed","template":"","meta":[],"acf":[],"_links":{"self":[{"href":"https:\/\/isfditati-crr.infd.edu.ar\/sitio\/wp-json\/wp\/v2\/pages\/318"}],"collection":[{"href":"https:\/\/isfditati-crr.infd.edu.ar\/sitio\/wp-json\/wp\/v2\/pages"}],"about":[{"href":"https:\/\/isfditati-crr.infd.edu.ar\/sitio\/wp-json\/wp\/v2\/types\/page"}],"author":[{"embeddable":true,"href":"https:\/\/isfditati-crr.infd.edu.ar\/sitio\/wp-json\/wp\/v2\/users\/1"}],"replies":[{"embeddable":true,"href":"https:\/\/isfditati-crr.infd.edu.ar\/sitio\/wp-json\/wp\/v2\/comments?post=318"}],"version-history":[{"count":15,"href":"https:\/\/isfditati-crr.infd.edu.ar\/sitio\/wp-json\/wp\/v2\/pages\/318\/revisions"}],"predecessor-version":[{"id":967,"href":"https:\/\/isfditati-crr.infd.edu.ar\/sitio\/wp-json\/wp\/v2\/pages\/318\/revisions\/967"}],"up":[{"embeddable":true,"href":"https:\/\/isfditati-crr.infd.edu.ar\/sitio\/wp-json\/wp\/v2\/pages\/683"}],"wp:attachment":[{"href":"https:\/\/isfditati-crr.infd.edu.ar\/sitio\/wp-json\/wp\/v2\/media?parent=318"}],"curies":[{"name":"wp","href":"https:\/\/api.w.org\/{rel}","templated":true}]}}