{"id":644,"date":"2018-06-18T14:12:35","date_gmt":"2018-06-18T17:12:35","guid":{"rendered":"https:\/\/isfditati-crr.infd.edu.ar\/sitio\/?page_id=644"},"modified":"2024-08-22T14:54:26","modified_gmt":"2024-08-22T17:54:26","slug":"catalogo-profesorado-de-historia-en-educacion-secundaria","status":"publish","type":"page","link":"https:\/\/isfditati-crr.infd.edu.ar\/sitio\/catalogo-profesorado-de-historia-en-educacion-secundaria\/","title":{"rendered":"Carreras"},"content":{"rendered":"<p>El Instituto Superior de Formaci\u00f3n Docente Itat\u00ed posee las siguientes ofertas educativas:<\/p>\n<ol>\n<li><strong>Profesorado en Educ Sec. en Inform\u00e1tica<\/strong><\/li>\n<li><strong>Tecnicatura Superior en Enfermer\u00eda (segunda, tercera y cuarta cohorte)<\/strong><\/li>\n<li><strong>Profesorado de Educ. Secundaria en Agronom\u00eda (primer y segunda cohorte)<\/strong><\/li>\n<\/ol>\n<p>Adem\u00e1s, posee una extensi\u00f3n en la localidad de Ramada Paso, bajo la coordinaci\u00f3n de la Profesora Goyechea Luciana. La misma cuenta con dos ofertas educativas t\u00e9cnicas.<\/p>\n<ol>\n<li><strong> Tecnicatura Superior en Gesti\u00f3n Ambiental <\/strong><\/li>\n<li><strong> Tecnicatura Superior en Administraci\u00f3n P\u00fablica. <\/strong><\/li>\n<\/ol>\n","protected":false},"excerpt":{"rendered":"<p>El Instituto Superior de Formaci\u00f3n Docente Itat\u00ed posee las siguientes ofertas educativas: Profesorado en Educ Sec. en Inform\u00e1tica Tecnicatura Superior en Enfermer\u00eda (segunda, tercera y cuarta cohorte) Profesorado de Educ. Secundaria en Agronom\u00eda (primer y segunda cohorte) Adem\u00e1s, posee una extensi\u00f3n en la localidad de Ramada Paso, bajo la coordinaci\u00f3n de la Profesora Goyechea Luciana. &#8230; <a title=\"Carreras\" class=\"read-more\" href=\"https:\/\/isfditati-crr.infd.edu.ar\/sitio\/catalogo-profesorado-de-historia-en-educacion-secundaria\/\" aria-label=\"More on Carreras\">[+]<\/a><\/p>\n","protected":false},"author":1,"featured_media":0,"parent":0,"menu_order":20,"comment_status":"closed","ping_status":"closed","template":"","meta":[],"acf":[],"_links":{"self":[{"href":"https:\/\/isfditati-crr.infd.edu.ar\/sitio\/wp-json\/wp\/v2\/pages\/644"}],"collection":[{"href":"https:\/\/isfditati-crr.infd.edu.ar\/sitio\/wp-json\/wp\/v2\/pages"}],"about":[{"href":"https:\/\/isfditati-crr.infd.edu.ar\/sitio\/wp-json\/wp\/v2\/types\/page"}],"author":[{"embeddable":true,"href":"https:\/\/isfditati-crr.infd.edu.ar\/sitio\/wp-json\/wp\/v2\/users\/1"}],"replies":[{"embeddable":true,"href":"https:\/\/isfditati-crr.infd.edu.ar\/sitio\/wp-json\/wp\/v2\/comments?post=644"}],"version-history":[{"count":9,"href":"https:\/\/isfditati-crr.infd.edu.ar\/sitio\/wp-json\/wp\/v2\/pages\/644\/revisions"}],"predecessor-version":[{"id":980,"href":"https:\/\/isfditati-crr.infd.edu.ar\/sitio\/wp-json\/wp\/v2\/pages\/644\/revisions\/980"}],"wp:attachment":[{"href":"https:\/\/isfditati-crr.infd.edu.ar\/sitio\/wp-json\/wp\/v2\/media?parent=644"}],"curies":[{"name":"wp","href":"https:\/\/api.w.org\/{rel}","templated":true}]}}