{"id":685,"date":"2018-07-25T15:06:42","date_gmt":"2018-07-25T18:06:42","guid":{"rendered":"https:\/\/isfditati-crr.infd.edu.ar\/sitio\/?page_id=685"},"modified":"2023-05-02T21:25:50","modified_gmt":"2023-05-03T00:25:50","slug":"autoridades","status":"publish","type":"page","link":"https:\/\/isfditati-crr.infd.edu.ar\/sitio\/institucional\/autoridades\/","title":{"rendered":"Autoridades"},"content":{"rendered":"\n<ul>\n<li><strong>Rector:<\/strong> a cargo Prof. Luis Fari\u00f1a N\u00fa\u00f1ez.<\/li>\n\n\n\n<li><strong>Secretario Acad\u00e9mico: <\/strong>Prof. Juan Mart\u00edn Bacs<\/li>\n\n\n\n<li><strong>Coordinadora de Formaci\u00f3n Docente Inicial: <\/strong>Prof.Lic. Anal\u00eda Pav\u00f3n<\/li>\n\n\n\n<li><strong>Coordinador de apoyo pedag\u00f3gico a las escuelas:<\/strong> Prof. Lic. Aquino Marcelo<\/li>\n\n\n\n<li><strong>Coordinadores de Carrera: \u00a0<\/strong>Prof. Soto Norma; Prof. N\u00e9stor Aranda\u00a0<\/li>\n\n\n\n<li><strong>Plantel docente: <\/strong>43 docentes profesionales en la Educaci\u00f3n Superior.<\/li>\n\n\n\n<li><strong>Secretaria Administrativa: <\/strong>Mar\u00eda Yamila Romero<\/li>\n\n\n\n<li><strong>\u00c1rea de Estudiantes- Bedel<\/strong> Prof. Rol\u00f3n Sonia<\/li>\n\n\n\n<li><strong>Bibliotecaria: <\/strong>Barreiro Graciela Susana<\/li>\n<\/ul>\n","protected":false},"excerpt":{"rendered":"","protected":false},"author":6,"featured_media":0,"parent":683,"menu_order":0,"comment_status":"closed","ping_status":"closed","template":"","meta":[],"acf":[],"_links":{"self":[{"href":"https:\/\/isfditati-crr.infd.edu.ar\/sitio\/wp-json\/wp\/v2\/pages\/685"}],"collection":[{"href":"https:\/\/isfditati-crr.infd.edu.ar\/sitio\/wp-json\/wp\/v2\/pages"}],"about":[{"href":"https:\/\/isfditati-crr.infd.edu.ar\/sitio\/wp-json\/wp\/v2\/types\/page"}],"author":[{"embeddable":true,"href":"https:\/\/isfditati-crr.infd.edu.ar\/sitio\/wp-json\/wp\/v2\/users\/6"}],"replies":[{"embeddable":true,"href":"https:\/\/isfditati-crr.infd.edu.ar\/sitio\/wp-json\/wp\/v2\/comments?post=685"}],"version-history":[{"count":9,"href":"https:\/\/isfditati-crr.infd.edu.ar\/sitio\/wp-json\/wp\/v2\/pages\/685\/revisions"}],"predecessor-version":[{"id":960,"href":"https:\/\/isfditati-crr.infd.edu.ar\/sitio\/wp-json\/wp\/v2\/pages\/685\/revisions\/960"}],"up":[{"embeddable":true,"href":"https:\/\/isfditati-crr.infd.edu.ar\/sitio\/wp-json\/wp\/v2\/pages\/683"}],"wp:attachment":[{"href":"https:\/\/isfditati-crr.infd.edu.ar\/sitio\/wp-json\/wp\/v2\/media?parent=685"}],"curies":[{"name":"wp","href":"https:\/\/api.w.org\/{rel}","templated":true}]}}