{"id":768,"date":"2018-07-26T14:05:47","date_gmt":"2018-07-26T17:05:47","guid":{"rendered":"https:\/\/isfditati-crr.infd.edu.ar\/sitio\/?page_id=768"},"modified":"2023-05-02T22:20:22","modified_gmt":"2023-05-03T01:20:22","slug":"docentes","status":"publish","type":"page","link":"https:\/\/isfditati-crr.infd.edu.ar\/sitio\/docentes\/","title":{"rendered":"Docentes"},"content":{"rendered":"<header class=\"entry-header\">\n<h4 class=\"entry-title\">INFORMACI\u00d3N IMPORTANTE<\/h4>\n<\/header>\n<div class=\"entry-content\">\n<p>En el mes de Mayo: Inscripci\u00f3n de aspirantes a Interinatos y Suplencias de horas c\u00e1tedras y cargos (no directivos) para el Ciclo Lectivo 2024 en SIMA en el ISFD ITATI, del 01 al 31 de Mayo del 2023.<\/p>\n<p><img decoding=\"async\" loading=\"lazy\" class=\"size-full wp-image-970 aligncenter\" src=\"https:\/\/isfditati-crr.infd.edu.ar\/sitio\/wp-content\/uploads\/2023\/05\/IyS.png\" alt=\"\" width=\"800\" height=\"607\" srcset=\"https:\/\/isfditati-crr.infd.edu.ar\/sitio\/wp-content\/uploads\/2023\/05\/IyS.png 800w, https:\/\/isfditati-crr.infd.edu.ar\/sitio\/wp-content\/uploads\/2023\/05\/IyS-768x583.png 768w\" sizes=\"(max-width: 800px) 100vw, 800px\" \/><\/p>\n<p style=\"text-align: center;\">Link: <a href=\"_wp_link_placeholder\" data-wplink-edit=\"true\">https:\/\/simaeducativa.mec.gob.ar\/modulo\/interinatoysuplencia\/?itati<\/a><\/p>\n<p style=\"padding-left: 30px;\">\n<\/div>\n","protected":false},"excerpt":{"rendered":"<p>INFORMACI\u00d3N IMPORTANTE En el mes de Mayo: Inscripci\u00f3n de aspirantes a Interinatos y Suplencias de horas c\u00e1tedras y cargos (no directivos) para el Ciclo Lectivo 2024 en SIMA en el ISFD ITATI, del 01 al 31 de Mayo del 2023. Link: https:\/\/simaeducativa.mec.gob.ar\/modulo\/interinatoysuplencia\/?itati<\/p>\n","protected":false},"author":6,"featured_media":0,"parent":0,"menu_order":40,"comment_status":"closed","ping_status":"closed","template":"","meta":[],"acf":[],"_links":{"self":[{"href":"https:\/\/isfditati-crr.infd.edu.ar\/sitio\/wp-json\/wp\/v2\/pages\/768"}],"collection":[{"href":"https:\/\/isfditati-crr.infd.edu.ar\/sitio\/wp-json\/wp\/v2\/pages"}],"about":[{"href":"https:\/\/isfditati-crr.infd.edu.ar\/sitio\/wp-json\/wp\/v2\/types\/page"}],"author":[{"embeddable":true,"href":"https:\/\/isfditati-crr.infd.edu.ar\/sitio\/wp-json\/wp\/v2\/users\/6"}],"replies":[{"embeddable":true,"href":"https:\/\/isfditati-crr.infd.edu.ar\/sitio\/wp-json\/wp\/v2\/comments?post=768"}],"version-history":[{"count":4,"href":"https:\/\/isfditati-crr.infd.edu.ar\/sitio\/wp-json\/wp\/v2\/pages\/768\/revisions"}],"predecessor-version":[{"id":971,"href":"https:\/\/isfditati-crr.infd.edu.ar\/sitio\/wp-json\/wp\/v2\/pages\/768\/revisions\/971"}],"wp:attachment":[{"href":"https:\/\/isfditati-crr.infd.edu.ar\/sitio\/wp-json\/wp\/v2\/media?parent=768"}],"curies":[{"name":"wp","href":"https:\/\/api.w.org\/{rel}","templated":true}]}}